{"id":12714,"date":"2025-06-16T13:47:43","date_gmt":"2025-06-16T13:47:43","guid":{"rendered":"https:\/\/mykingcook.com\/about-us\/"},"modified":"2025-09-04T08:50:18","modified_gmt":"2025-09-04T08:50:18","slug":"sobre-nos","status":"publish","type":"page","link":"https:\/\/mykingcook.com\/pt-br\/sobre-nos\/","title":{"rendered":"Sobre N\u00f3s"},"content":{"rendered":"\n<p>Nosso site foi criado com uma ideia simples: o veganismo \u00e9 mais do que uma escolha de estilo de vida \u2014 \u00e9 um movimento que est\u00e1 transformando a maneira como abordamos a alimenta\u00e7\u00e3o, a sa\u00fade e o planeta. Quer\u00edamos criar uma plataforma onde todos possam explorar os benef\u00edcios de viver de forma vegana, desde receitas deliciosas \u00e0 base de plantas at\u00e9 guias completos sobre como prosperar com uma dieta vegana.<\/p>\n\n\n\n<p>Hoje, somos uma fonte confi\u00e1vel para veganos em todo o mundo, ajudando milhares de pessoas a descobrir novas receitas veganas, dicas de nutri\u00e7\u00e3o e os melhores produtos e lugares veganos para aproveitar.<\/p>\n\n\n\n<h2 class=\"wp-block-heading\">Por que fazemos o que fazemos?<\/h2>\n\n\n\n<h4 class=\"wp-block-heading\">Empoderando o Estilo de Vida Vegano<\/h4>\n\n\n\n<p>O veganismo \u00e9 uma maneira poderosa de melhorar sua sa\u00fade, o meio ambiente e o bem-estar dos animais. Nossa miss\u00e3o \u00e9 tornar o estilo de vida vegano acess\u00edvel, divertido e sustent\u00e1vel para todos:<\/p>\n\n\n\n<ul class=\"wp-block-list\">\n<li>Compartilhando deliciosas receitas veganas e planos de refei\u00e7\u00f5es<\/li>\n\n\n\n<li>Educando sobre nutri\u00e7\u00e3o vegana, suplementos e estilo de vida<\/li>\n\n\n\n<li>Celebrando o impacto do veganismo na sa\u00fade, nos animais e no meio ambiente<\/li>\n<\/ul>\n\n\n\n<p>Seja voc\u00ea novo no veganismo ou esteja buscando aperfei\u00e7oar sua dieta \u00e0 base de plantas, nosso objetivo \u00e9 fornecer tudo o que voc\u00ea precisa para tomar decis\u00f5es compassivas, informadas e nutritivas.<\/p>\n\n\n\n<h4 class=\"wp-block-heading\">Tornando o Veganismo F\u00e1cil e Agrad\u00e1vel<\/h4>\n\n\n\n<p>Entendemos que a transi\u00e7\u00e3o para um estilo de vida vegano pode parecer esmagadora, mas estamos aqui para simplific\u00e1-la. Nossa plataforma oferece guias claros, receitas simples e dicas de especialistas para ajudar voc\u00ea a navegar no veganismo sem se sentir restrito. A comida vegana \u00e9 diversa, deliciosa e incrivelmente gratificante!<\/p>\n\n\n\n<h4 class=\"wp-block-heading\">Quebrando os Mitos<\/h4>\n\n\n\n<p>Comida vegana n\u00e3o \u00e9 s\u00f3 saladas e tofu! Nossas receitas e guias mostram que a culin\u00e1ria vegana \u00e9 cheia de sabor, variedade e criatividade \u2014 desde refei\u00e7\u00f5es reconfortantes at\u00e9 pratos gourmet, h\u00e1 um mundo inteiro de culin\u00e1ria \u00e0 base de plantas para explorar.<\/p>\n","protected":false},"excerpt":{"rendered":"<p>Nosso site foi criado com uma ideia simples: o veganismo \u00e9 mais do que uma escolha de estilo de vida \u2014 \u00e9 um movimento que est\u00e1 transformando a maneira como abordamos a alimenta\u00e7\u00e3o, a sa\u00fade e o planeta. Quer\u00edamos criar uma plataforma onde todos possam explorar os benef\u00edcios de viver de forma vegana, desde receitas [&hellip;]<\/p>\n","protected":false},"author":2,"featured_media":0,"parent":0,"menu_order":0,"comment_status":"closed","ping_status":"closed","template":"template-about.php","meta":{"_acf_changed":false,"wprm-recipe-roundup-name":"","wprm-recipe-roundup-description":"","footnotes":""},"class_list":["post-12714","page","type-page","status-publish","hentry"],"acf":[],"_links":{"self":[{"href":"https:\/\/mykingcook.com\/pt-br\/wp-json\/wp\/v2\/pages\/12714","targetHints":{"allow":["GET"]}}],"collection":[{"href":"https:\/\/mykingcook.com\/pt-br\/wp-json\/wp\/v2\/pages"}],"about":[{"href":"https:\/\/mykingcook.com\/pt-br\/wp-json\/wp\/v2\/types\/page"}],"author":[{"embeddable":true,"href":"https:\/\/mykingcook.com\/pt-br\/wp-json\/wp\/v2\/users\/2"}],"replies":[{"embeddable":true,"href":"https:\/\/mykingcook.com\/pt-br\/wp-json\/wp\/v2\/comments?post=12714"}],"version-history":[{"count":1,"href":"https:\/\/mykingcook.com\/pt-br\/wp-json\/wp\/v2\/pages\/12714\/revisions"}],"predecessor-version":[{"id":12716,"href":"https:\/\/mykingcook.com\/pt-br\/wp-json\/wp\/v2\/pages\/12714\/revisions\/12716"}],"wp:attachment":[{"href":"https:\/\/mykingcook.com\/pt-br\/wp-json\/wp\/v2\/media?parent=12714"}],"curies":[{"name":"wp","href":"https:\/\/api.w.org\/{rel}","templated":true}]}}