{"id":12718,"date":"2025-06-16T13:47:43","date_gmt":"2025-06-16T13:47:43","guid":{"rendered":"https:\/\/mykingcook.com\/about-us\/"},"modified":"2025-09-04T08:56:31","modified_gmt":"2025-09-04T08:56:31","slug":"sobre-nosotros","status":"publish","type":"page","link":"https:\/\/mykingcook.com\/es\/sobre-nosotros\/","title":{"rendered":"Sobre nosotros"},"content":{"rendered":"\n<p>Nuestro sitio web fue creado con una idea sencilla: el veganismo es m\u00e1s que una elecci\u00f3n de estilo de vida, es un movimiento que est\u00e1 transformando la forma en que nos acercamos a la comida, la salud y el planeta. Quer\u00edamos crear una plataforma donde todos puedan explorar los beneficios de vivir de manera vegana, desde deliciosas recetas basadas en plantas hasta gu\u00edas completas sobre c\u00f3mo prosperar con una dieta vegana.<\/p>\n\n\n\n<p>Hoy somos una fuente confiable para los veganos de todo el mundo, ayudando a miles de personas a descubrir nuevas recetas veganas, consejos de nutrici\u00f3n y los mejores productos y lugares para disfrutar de la comida vegana.<\/p>\n\n\n\n<h2 class=\"wp-block-heading\">\u00bfPor qu\u00e9 hacemos lo que hacemos?<\/h2>\n\n\n\n<h3 class=\"wp-block-heading\">Empoderando el Estilo de Vida Vegano<\/h3>\n\n\n\n<p>El veganismo es una forma poderosa de mejorar tu salud, el medio ambiente y el bienestar de los animales. Nuestra misi\u00f3n es hacer que el estilo de vida vegano sea accesible, divertido y sostenible para todos:<\/p>\n\n\n\n<ul class=\"wp-block-list\">\n<li>Compartir deliciosas recetas veganas y planes de comidas<\/li>\n\n\n\n<li>Educar sobre nutrici\u00f3n vegana, suplementos y estilo de vida<\/li>\n\n\n\n<li>Celebrar el impacto del veganismo en la salud, los animales y el medio ambiente<\/li>\n<\/ul>\n\n\n\n<p>Ya sea que seas nuevo en el veganismo o quieras refinar tu dieta basada en plantas, nuestro objetivo es brindarte todo lo que necesitas para tomar decisiones compasivas, informadas y nutritivas.<\/p>\n\n\n\n<h3 class=\"wp-block-heading\">Haciendo el Veganismo F\u00e1cil y Disfrutable<\/h3>\n\n\n\n<p>Entendemos que hacer la transici\u00f3n a un estilo de vida vegano puede sentirse abrumador, pero estamos aqu\u00ed para simplificarlo. Nuestra plataforma ofrece gu\u00edas claras, recetas sencillas y consejos de expertos para ayudarte a navegar por el estilo de vida vegano sin sentirte restringido. \u00a1La comida vegana es diversa, deliciosa y tremendamente gratificante!<\/p>\n\n\n\n<h3 class=\"wp-block-heading\">Rompiendo Mitos<\/h3>\n\n\n\n<p>\u00a1La comida vegana no es solo ensaladas y tofu! Nuestras recetas y gu\u00edas muestran que la cocina vegana est\u00e1 llena de sabor, variedad y creatividad, desde comidas reconfortantes hasta platos gourmet, \u00a1hay todo un mundo de cocina basada en plantas para explorar!<\/p>\n\n\n\n<p><\/p>\n","protected":false},"excerpt":{"rendered":"<p>Nuestro sitio web fue creado con una idea sencilla: el veganismo es m\u00e1s que una elecci\u00f3n de estilo de vida, es un movimiento que est\u00e1 transformando la forma en que nos acercamos a la comida, la salud y el planeta. Quer\u00edamos crear una plataforma donde todos puedan explorar los beneficios de vivir de manera vegana, [&hellip;]<\/p>\n","protected":false},"author":2,"featured_media":0,"parent":0,"menu_order":0,"comment_status":"closed","ping_status":"closed","template":"template-about.php","meta":{"_acf_changed":false,"wprm-recipe-roundup-name":"","wprm-recipe-roundup-description":"","footnotes":""},"class_list":["post-12718","page","type-page","status-publish","hentry"],"acf":[],"_links":{"self":[{"href":"https:\/\/mykingcook.com\/es\/wp-json\/wp\/v2\/pages\/12718","targetHints":{"allow":["GET"]}}],"collection":[{"href":"https:\/\/mykingcook.com\/es\/wp-json\/wp\/v2\/pages"}],"about":[{"href":"https:\/\/mykingcook.com\/es\/wp-json\/wp\/v2\/types\/page"}],"author":[{"embeddable":true,"href":"https:\/\/mykingcook.com\/es\/wp-json\/wp\/v2\/users\/2"}],"replies":[{"embeddable":true,"href":"https:\/\/mykingcook.com\/es\/wp-json\/wp\/v2\/comments?post=12718"}],"version-history":[{"count":1,"href":"https:\/\/mykingcook.com\/es\/wp-json\/wp\/v2\/pages\/12718\/revisions"}],"predecessor-version":[{"id":12720,"href":"https:\/\/mykingcook.com\/es\/wp-json\/wp\/v2\/pages\/12718\/revisions\/12720"}],"wp:attachment":[{"href":"https:\/\/mykingcook.com\/es\/wp-json\/wp\/v2\/media?parent=12718"}],"curies":[{"name":"wp","href":"https:\/\/api.w.org\/{rel}","templated":true}]}}